{"id":1027,"date":"2022-09-16T13:49:30","date_gmt":"2022-09-16T11:49:30","guid":{"rendered":"https:\/\/personality.cc\/?page_id=1027"},"modified":"2025-07-07T15:09:52","modified_gmt":"2025-07-07T13:09:52","slug":"faq-uk","status":"publish","type":"page","link":"https:\/\/test4u1.com\/it\/faq-uk\/","title":{"rendered":"FAQ-UK"},"content":{"rendered":"\n[et_pb_section fb_built=&#8221;1&#8243; custom_padding_last_edited=&#8221;on|tablet&#8221; next_background_color=&#8221;#616ce1&#8243; admin_label=&#8221;Hero&#8221; _builder_version=&#8221;4.16&#8243; _module_preset=&#8221;default&#8221; use_background_color_gradient=&#8221;on&#8221; background_color_gradient_type=&#8221;circular&#8221; background_color_gradient_direction_radial=&#8221;top left&#8221; background_color_gradient_stops=&#8221;rgba(214,218,255,0.7) 50%|rgba(214,218,255,0.3) 100%&#8221; background_color_gradient_start=&#8221;rgba(214,218,255,0.7)&#8221; background_color_gradient_start_position=&#8221;50%&#8221; background_color_gradient_end=&#8221;rgba(214,218,255,0.3)&#8221; background_image=&#8221;https:\/\/test4u1.com\/wp-content\/uploads\/2022\/06\/therapist-12-1.png&#8221; parallax=&#8221;on&#8221; custom_margin=&#8221;||||false&#8221; custom_padding=&#8221;14vw||4vw||false|false&#8221; custom_padding_tablet=&#8221;||50px|&#8221; custom_padding_phone=&#8221;&#8221; bottom_divider_style=&#8221;curve&#8221; bottom_divider_height=&#8221;2.5vw&#8221; global_colors_info=&#8221;{}&#8221;][et_pb_row _builder_version=&#8221;4.16&#8243; _module_preset=&#8221;default&#8221; animation_style=&#8221;fade&#8221; global_colors_info=&#8221;{}&#8221;][et_pb_column type=&#8221;4_4&#8243; _builder_version=&#8221;4.16&#8243; _module_preset=&#8221;default&#8221; custom_padding=&#8221;|||&#8221; global_colors_info=&#8221;{}&#8221; custom_padding__hover=&#8221;|||&#8221;][et_pb_text _builder_version=&#8221;4.16&#8243; _module_preset=&#8221;default&#8221; text_font=&#8221;||||||||&#8221; text_font_size=&#8221;18px&#8221; text_line_height=&#8221;2em&#8221; header_font=&#8221;Montserrat|300|||||||&#8221; header_font_size=&#8221;50px&#8221; header_line_height=&#8221;1.4em&#8221; text_orientation=&#8221;center&#8221; max_width=&#8221;700px&#8221; module_alignment=&#8221;center&#8221; header_font_size_tablet=&#8221;40px&#8221; header_font_size_phone=&#8221;32px&#8221; header_font_size_last_edited=&#8221;on|desktop&#8221; global_colors_info=&#8221;{}&#8221;]<h1>F.A.Q<\/h1>\n<p>&nbsp;<\/p>[\/et_pb_text][\/et_pb_column][\/et_pb_row][\/et_pb_section][et_pb_section fb_built=&#8221;1&#8243; admin_label=&#8221;FAQ&#8221; _builder_version=&#8221;4.16&#8243; _module_preset=&#8221;default&#8221; background_color=&#8221;#616ce1&#8243; custom_padding=&#8221;54px|0px|54px|0px|false|false&#8221; global_colors_info=&#8221;{}&#8221;][et_pb_row column_structure=&#8221;1_2,1_2&#8243; use_custom_gutter=&#8221;on&#8221; _builder_version=&#8221;4.16&#8243; _module_preset=&#8221;default&#8221; global_colors_info=&#8221;{}&#8221;][et_pb_column type=&#8221;1_2&#8243; _builder_version=&#8221;4.16&#8243; _module_preset=&#8221;default&#8221; custom_padding=&#8221;|||&#8221; global_colors_info=&#8221;{}&#8221; custom_padding__hover=&#8221;|||&#8221;][et_pb_text _builder_version=&#8221;4.17.4&#8243; _module_preset=&#8221;default&#8221; text_font=&#8221;||||||||&#8221; text_font_size=&#8221;16px&#8221; text_line_height=&#8221;2em&#8221; header_font=&#8221;||||||||&#8221; header_3_font=&#8221;Montserrat||||||||&#8221; header_3_line_height=&#8221;1.4em&#8221; header_4_font=&#8221;||||||||&#8221; background_layout=&#8221;dark&#8221; max_width=&#8221;700px&#8221; module_alignment=&#8221;center&#8221; locked=&#8221;off&#8221; global_colors_info=&#8221;{}&#8221;]<h3>The test :<\/h3>[\/et_pb_text][et_pb_toggle title=&#8221;Who designed the test?&#8221; open=&#8221;on&#8221; open_toggle_text_color=&#8221;#000000&#8243; open_toggle_background_color=&#8221;#ffffff&#8221; closed_toggle_text_color=&#8221;#000000&#8243; closed_toggle_background_color=&#8221;#ffffff&#8221; _builder_version=&#8221;4.17.4&#8243; _module_preset=&#8221;default&#8221; title_level=&#8221;h4&#8243; title_font=&#8221;Montserrat|500|||||||&#8221; title_line_height=&#8221;1.4em&#8221; body_font_size=&#8221;16px&#8221; body_line_height=&#8221;2em&#8221; custom_padding=&#8221;30px|40px|30px|40px|true|true&#8221; animation_style=&#8221;fade&#8221; border_radii=&#8221;on|10px|10px|10px|10px&#8221; border_width_all=&#8221;0px&#8221; box_shadow_style=&#8221;preset1&#8243; box_shadow_blur=&#8221;30px&#8221; box_shadow_color=&#8221;rgba(0,0,0,0.06)&#8221; global_colors_info=&#8221;{}&#8221;]<p>The concept of this test was introduced by Lewis Golberg in 1981 and subsequently developed further by Costa and McCrae between 1987-1992.<\/p>[\/et_pb_toggle][et_pb_toggle title=&#8221;What does this test mean? &#8221; open=&#8221;on&#8221; open_toggle_text_color=&#8221;#000000&#8243; open_toggle_background_color=&#8221;#ffffff&#8221; closed_toggle_text_color=&#8221;#000000&#8243; closed_toggle_background_color=&#8221;#ffffff&#8221; _builder_version=&#8221;4.17.4&#8243; _module_preset=&#8221;default&#8221; title_level=&#8221;h4&#8243; title_font=&#8221;Montserrat|500|||||||&#8221; title_line_height=&#8221;1.4em&#8221; body_font_size=&#8221;16px&#8221; body_line_height=&#8221;2em&#8221; custom_padding=&#8221;30px|40px|30px|40px|true|true&#8221; animation_style=&#8221;fade&#8221; border_radii=&#8221;on|10px|10px|10px|10px&#8221; border_width_all=&#8221;0px&#8221; box_shadow_style=&#8221;preset1&#8243; box_shadow_blur=&#8221;30px&#8221; box_shadow_color=&#8221;rgba(0,0,0,0.06)&#8221; global_colors_info=&#8221;{}&#8221;]<p>The test is used to create a psychological profile of a person by referring to 5 important areas.<\/p>\n<p>This is helpful for population studies as well as for personal development.<\/p>[\/et_pb_toggle][et_pb_toggle title=&#8221;How does the test work ?&#8221; open_toggle_text_color=&#8221;#000000&#8243; open_toggle_background_color=&#8221;#ffffff&#8221; closed_toggle_text_color=&#8221;#000000&#8243; closed_toggle_background_color=&#8221;#ffffff&#8221; _builder_version=&#8221;4.17.4&#8243; _module_preset=&#8221;default&#8221; title_level=&#8221;h4&#8243; title_font=&#8221;Montserrat|500|||||||&#8221; title_line_height=&#8221;1.4em&#8221; body_font_size=&#8221;16px&#8221; body_line_height=&#8221;2em&#8221; custom_padding=&#8221;30px|40px|30px|40px|true|true&#8221; animation_style=&#8221;fade&#8221; border_radii=&#8221;on|10px|10px|10px|10px&#8221; border_width_all=&#8221;0px&#8221; box_shadow_style=&#8221;preset1&#8243; box_shadow_blur=&#8221;30px&#8221; box_shadow_color=&#8221;rgba(0,0,0,0.06)&#8221; global_colors_info=&#8221;{}&#8221;]<p>The test refers to the analysis of the 5 important areas of the Big Five psychological model, including Neuroticism, Professional Responsibility and Open-mindedness.<br \/>The test analyses the percentage of your answers to these areas and creates a profile based on the values.<\/p>[\/et_pb_toggle][et_pb_toggle title=&#8221;How do I get the test results? &#8221; open_toggle_text_color=&#8221;#000000&#8243; open_toggle_background_color=&#8221;#ffffff&#8221; closed_toggle_text_color=&#8221;#000000&#8243; closed_toggle_background_color=&#8221;#ffffff&#8221; _builder_version=&#8221;4.17.4&#8243; _module_preset=&#8221;default&#8221; title_level=&#8221;h4&#8243; title_font=&#8221;Montserrat|500|||||||&#8221; title_line_height=&#8221;1.4em&#8221; body_font_size=&#8221;16px&#8221; body_line_height=&#8221;2em&#8221; custom_padding=&#8221;30px|40px|30px|40px|true|true&#8221; animation_style=&#8221;fade&#8221; border_radii=&#8221;on|10px|10px|10px|10px&#8221; border_width_all=&#8221;0px&#8221; box_shadow_style=&#8221;preset1&#8243; box_shadow_blur=&#8221;30px&#8221; box_shadow_color=&#8221;rgba(0,0,0,0.06)&#8221; global_colors_info=&#8221;{}&#8221;]<p>You can get the test results thanks to a 24-hour trial or by taking out a subscription.<\/p>[\/et_pb_toggle][et_pb_toggle title=&#8221;How is this test useful for me? &#8221; open_toggle_text_color=&#8221;#000000&#8243; open_toggle_background_color=&#8221;#ffffff&#8221; closed_toggle_text_color=&#8221;#000000&#8243; closed_toggle_background_color=&#8221;#ffffff&#8221; _builder_version=&#8221;4.17.4&#8243; _module_preset=&#8221;default&#8221; title_level=&#8221;h4&#8243; title_font=&#8221;Montserrat|500|||||||&#8221; title_line_height=&#8221;1.4em&#8221; body_font_size=&#8221;16px&#8221; body_line_height=&#8221;2em&#8221; custom_padding=&#8221;30px|40px|30px|40px|true|true&#8221; animation_style=&#8221;fade&#8221; border_radii=&#8221;on|10px|10px|10px|10px&#8221; border_width_all=&#8221;0px&#8221; box_shadow_style=&#8221;preset1&#8243; box_shadow_blur=&#8221;30px&#8221; box_shadow_color=&#8221;rgba(0,0,0,0.06)&#8221; global_colors_info=&#8221;{}&#8221;]<p>This test can come in handy in a number of ways if you are applying for a job, looking to move up, or in a demographic study.<br \/>This test was used for a study before the referendum that led to Brexit.<\/p>[\/et_pb_toggle][\/et_pb_column][et_pb_column type=&#8221;1_2&#8243; _builder_version=&#8221;4.16&#8243; _module_preset=&#8221;default&#8221; custom_padding=&#8221;|||&#8221; global_colors_info=&#8221;{}&#8221; custom_padding__hover=&#8221;|||&#8221;][et_pb_text _builder_version=&#8221;4.17.4&#8243; _module_preset=&#8221;default&#8221; text_font=&#8221;||||||||&#8221; text_font_size=&#8221;16px&#8221; text_line_height=&#8221;2em&#8221; header_font=&#8221;||||||||&#8221; header_3_font=&#8221;Montserrat||||||||&#8221; header_3_line_height=&#8221;1.4em&#8221; header_4_font=&#8221;||||||||&#8221; background_layout=&#8221;dark&#8221; max_width=&#8221;700px&#8221; module_alignment=&#8221;center&#8221; locked=&#8221;off&#8221; global_colors_info=&#8221;{}&#8221;]<h3>The subscription :<\/h3>[\/et_pb_text][et_pb_toggle title=&#8221;How can I register? &#8221; open=&#8221;on&#8221; open_toggle_text_color=&#8221;#000000&#8243; open_toggle_background_color=&#8221;#ffffff&#8221; closed_toggle_text_color=&#8221;#000000&#8243; closed_toggle_background_color=&#8221;#ffffff&#8221; _builder_version=&#8221;4.17.4&#8243; _module_preset=&#8221;default&#8221; title_level=&#8221;h4&#8243; title_font=&#8221;Montserrat|500|||||||&#8221; title_line_height=&#8221;1.4em&#8221; body_font_size=&#8221;16px&#8221; body_line_height=&#8221;2em&#8221; custom_padding=&#8221;30px|40px|30px|40px|true|true&#8221; animation_style=&#8221;fade&#8221; border_radii=&#8221;on|10px|10px|10px|10px&#8221; border_width_all=&#8221;0px&#8221; box_shadow_style=&#8221;preset1&#8243; box_shadow_blur=&#8221;30px&#8221; box_shadow_color=&#8221;rgba(0,0,0,0.06)&#8221; locked=&#8221;off&#8221; global_colors_info=&#8221;{}&#8221;]<p>Please select your programme via the Prices page and follow the indicated procedure.<\/p>[\/et_pb_toggle][et_pb_toggle title=&#8221;How can I unsubscribe again? &#8221; open_toggle_text_color=&#8221;#000000&#8243; open_toggle_background_color=&#8221;#ffffff&#8221; closed_toggle_text_color=&#8221;#000000&#8243; closed_toggle_background_color=&#8221;#ffffff&#8221; _builder_version=&#8221;4.17.4&#8243; _module_preset=&#8221;default&#8221; title_level=&#8221;h4&#8243; title_font=&#8221;Montserrat|500|||||||&#8221; title_line_height=&#8221;1.4em&#8221; body_font_size=&#8221;16px&#8221; body_line_height=&#8221;2em&#8221; custom_padding=&#8221;30px|40px|30px|40px|true|true&#8221; animation_style=&#8221;fade&#8221; border_radii=&#8221;on|10px|10px|10px|10px&#8221; border_width_all=&#8221;0px&#8221; box_shadow_style=&#8221;preset1&#8243; box_shadow_blur=&#8221;30px&#8221; box_shadow_color=&#8221;rgba(0,0,0,0.06)&#8221; locked=&#8221;off&#8221; global_colors_info=&#8221;{}&#8221;]<p>To unsubscribe, all you have to do is click on the &#8220;unsubscribe&#8221; area, enter your email address and confirm.<\/p>[\/et_pb_toggle][et_pb_toggle title=&#8221;I forgot to unsubscribe before my trial ended, I would like to get the amount back. &#8221; open_toggle_text_color=&#8221;#000000&#8243; open_toggle_background_color=&#8221;#ffffff&#8221; closed_toggle_text_color=&#8221;#000000&#8243; closed_toggle_background_color=&#8221;#ffffff&#8221; _builder_version=&#8221;4.17.4&#8243; _module_preset=&#8221;default&#8221; title_level=&#8221;h4&#8243; title_font=&#8221;Montserrat|500|||||||&#8221; title_line_height=&#8221;1.4em&#8221; body_font_size=&#8221;16px&#8221; body_line_height=&#8221;2em&#8221; custom_padding=&#8221;30px|40px|30px|40px|true|true&#8221; animation_style=&#8221;fade&#8221; border_radii=&#8221;on|10px|10px|10px|10px&#8221; border_width_all=&#8221;0px&#8221; box_shadow_style=&#8221;preset1&#8243; box_shadow_blur=&#8221;30px&#8221; box_shadow_color=&#8221;rgba(0,0,0,0.06)&#8221; locked=&#8221;off&#8221; global_colors_info=&#8221;{}&#8221;]<h4>En cas d&#8217;oubli d&#8217;annulation d&#8217;abonnement, vous pouvez obtenir un refunds si vous faites la demand dans les 48h qui ont suivi la souscription de l&#8217;abonnement et si vous n&#8217;avez pas utilis\u00e9 nos services apr\u00e8s la p\u00e9riode d&#8217;essai. If you forget to unsubscribe, you can receive a refund. If you have not used our services after the trial period, you can send us a request within 48 hours of registering your subscription.<\/h4>[\/et_pb_toggle][\/et_pb_column][\/et_pb_row][et_pb_row _builder_version=&#8221;4.16&#8243; _module_preset=&#8221;default&#8221; custom_padding=&#8221;27px|0px|27px|0px|false|false&#8221; global_colors_info=&#8221;{}&#8221;][et_pb_column type=&#8221;4_4&#8243; _builder_version=&#8221;4.16&#8243; _module_preset=&#8221;default&#8221; custom_padding=&#8221;|||&#8221; global_colors_info=&#8221;{}&#8221; custom_padding__hover=&#8221;|||&#8221;][et_pb_button button_url=&#8221;https:\/\/test4u1.com\/en\/about-us\/&#8221; button_text=&#8221;CONTACT US&#8221; button_alignment=&#8221;center&#8221; _builder_version=&#8221;4.17.4&#8243; _module_preset=&#8221;default&#8221; custom_button=&#8221;on&#8221; button_text_size=&#8221;14px&#8221; button_text_color=&#8221;#ffffff&#8221; button_bg_color=&#8221;#7f8dff&#8221; button_border_color=&#8221;rgba(0,0,0,0)&#8221; button_border_radius=&#8221;100px&#8221; button_letter_spacing=&#8221;2px&#8221; button_font=&#8221;Montserrat|||on|||||&#8221; custom_padding=&#8221;16px|30px|16px|30px|true|true&#8221; hover_enabled=&#8221;0&#8243; box_shadow_style=&#8221;preset3&#8243; box_shadow_color=&#8221;rgba(127,141,255,0.4)&#8221; button_letter_spacing_hover=&#8221;2px&#8221; locked=&#8221;off&#8221; global_colors_info=&#8221;{}&#8221; button_text_size__hover_enabled=&#8221;off&#8221; button_one_text_size__hover_enabled=&#8221;off&#8221; button_two_text_size__hover_enabled=&#8221;off&#8221; button_text_color__hover_enabled=&#8221;off&#8221; button_one_text_color__hover_enabled=&#8221;off&#8221; button_two_text_color__hover_enabled=&#8221;off&#8221; button_border_width__hover_enabled=&#8221;off&#8221; button_one_border_width__hover_enabled=&#8221;off&#8221; button_two_border_width__hover_enabled=&#8221;off&#8221; button_border_color__hover_enabled=&#8221;off&#8221; button_one_border_color__hover_enabled=&#8221;off&#8221; button_two_border_color__hover_enabled=&#8221;off&#8221; button_border_radius__hover_enabled=&#8221;off&#8221; button_one_border_radius__hover_enabled=&#8221;off&#8221; button_two_border_radius__hover_enabled=&#8221;off&#8221; button_letter_spacing__hover_enabled=&#8221;on&#8221; button_letter_spacing__hover=&#8221;2px&#8221; button_one_letter_spacing__hover_enabled=&#8221;off&#8221; button_two_letter_spacing__hover_enabled=&#8221;off&#8221; button_bg_color__hover_enabled=&#8221;off&#8221; button_one_bg_color__hover_enabled=&#8221;off&#8221; button_two_bg_color__hover_enabled=&#8221;off&#8221; sticky_enabled=&#8221;0&#8243;][\/et_pb_button][\/et_pb_column][\/et_pb_row][\/et_pb_section]\n","protected":false},"excerpt":{"rendered":"<p>F.A.Q &nbsp;The test :The concept of this test was introduced by Lewis Golberg in 1981 and subsequently developed further by Costa and McCrae between 1987-1992.The test is used to create a psychological profile of a person by referring to 5 important areas. This is helpful for population studies as well as for personal development.The test [&hellip;]<\/p>\n","protected":false},"author":1,"featured_media":0,"parent":0,"menu_order":0,"comment_status":"closed","ping_status":"closed","template":"","meta":{"_et_pb_use_builder":"on","_et_pb_old_content":"","_et_gb_content_width":"","footnotes":""},"class_list":["post-1027","page","type-page","status-publish","hentry"],"_links":{"self":[{"href":"https:\/\/test4u1.com\/it\/wp-json\/wp\/v2\/pages\/1027","targetHints":{"allow":["GET"]}}],"collection":[{"href":"https:\/\/test4u1.com\/it\/wp-json\/wp\/v2\/pages"}],"about":[{"href":"https:\/\/test4u1.com\/it\/wp-json\/wp\/v2\/types\/page"}],"author":[{"embeddable":true,"href":"https:\/\/test4u1.com\/it\/wp-json\/wp\/v2\/users\/1"}],"replies":[{"embeddable":true,"href":"https:\/\/test4u1.com\/it\/wp-json\/wp\/v2\/comments?post=1027"}],"version-history":[{"count":5,"href":"https:\/\/test4u1.com\/it\/wp-json\/wp\/v2\/pages\/1027\/revisions"}],"predecessor-version":[{"id":6041,"href":"https:\/\/test4u1.com\/it\/wp-json\/wp\/v2\/pages\/1027\/revisions\/6041"}],"wp:attachment":[{"href":"https:\/\/test4u1.com\/it\/wp-json\/wp\/v2\/media?parent=1027"}],"curies":[{"name":"wp","href":"https:\/\/api.w.org\/{rel}","templated":true}]}}