{"id":2837,"date":"2023-10-18T12:51:04","date_gmt":"2023-10-18T10:51:04","guid":{"rendered":"https:\/\/test4u1.com\/?page_id=2837"},"modified":"2025-07-08T11:20:32","modified_gmt":"2025-07-08T09:20:32","slug":"conditions-paiement-recurrent","status":"publish","type":"page","link":"https:\/\/test4u1.com\/us\/conditions-paiement-recurrent\/","title":{"rendered":"conditions recurrente"},"content":{"rendered":"<p>[et_pb_section fb_built=&#8221;1&#8243; _builder_version=&#8221;4.21.2&#8243; _module_preset=&#8221;default&#8221; global_colors_info=&#8221;{}&#8221;][et_pb_row _builder_version=&#8221;4.21.2&#8243; _module_preset=&#8221;default&#8221; global_colors_info=&#8221;{}&#8221;][et_pb_column type=&#8221;4_4&#8243; _builder_version=&#8221;4.21.2&#8243; _module_preset=&#8221;default&#8221; global_colors_info=&#8221;{}&#8221;][et_pb_text _builder_version=&#8221;4.21.2&#8243; _module_preset=&#8221;default&#8221; global_colors_info=&#8221;{}&#8221;]<\/p>\n<div class=\"et_pb_module et_pb_text et_pb_text_1  et_pb_text_align_center et_pb_bg_layout_light\">\n<div class=\"et_pb_text_inner\">\n<div>\n<h1 style=\"text-align: left;\"><span>Conditions de paiement r\u00e9current<\/span><\/h1>\n<div style=\"text-align: left;\"><strong>Entr\u00e9e en vigueur : 30 mars 2023<\/strong><\/div>\n<div style=\"text-align: left;\"><strong>INFINIWAVE LIMITED<\/strong><\/div>\n<div style=\"text-align: left;\"><strong>77, LOWER CAMDEN STREET,<\/strong><\/div>\n<div style=\"text-align: left;\"><strong>DUBLIN D02 XE80<\/strong><\/div>\n<div style=\"text-align: left;\"><strong>Irlande<\/strong><\/div>\n<div style=\"text-align: left;\"><strong>Num\u00e9ro d\u2019enregistrement 737750 et TVA 4162209VH<\/strong><\/div>\n<div style=\"text-align: left;\"><strong><\/strong><\/div>\n<div style=\"text-align: left;\"><span>La souscription aux services d\u2019INFINIWAVE LIMITED donne acc\u00e8s aux avantages suivants :<\/span><\/div>\n<div style=\"text-align: left;\"><span>\u2013 Tests illimit\u00e9s<\/span><\/div>\n<div style=\"text-align: left;\"><span>\u2013 Stockage de tous les r\u00e9sultats de tests<\/span><\/div>\n<div style=\"text-align: left;\"><span>\u2013 Comparaisons entre les tests<\/span><\/div>\n<div style=\"text-align: left;\"><span>\u2013 Envoi des r\u00e9sultats par e-mail<\/span><\/div>\n<div style=\"text-align: left;\"><span>L\u2019abonnement vous donne acc\u00e8s \u00e0 l\u2019espace membre pendant 24 heures au tarif promotionnel de 0,5 \u20ac TTC. \u00c0 la fin de cette p\u00e9riode d\u2019essai, l\u2019abonnement mensuel au tarif de 47,5 \u20ac TTC par mois sera applicable. Le paiement de ce dernier sera automatiquement pr\u00e9lev\u00e9 sur votre carte de cr\u00e9dit chaque mois \u00e0 la date anniversaire.<\/span><\/div>\n<div style=\"text-align: left;\"><span>Vous pouvez annuler l\u2019abonnement \u00e0 tout moment et sans conditions directement sur cette page : https:\/\/test4u1.com\/cancel-sub\/<\/span><\/div>\n<div style=\"text-align: left;\"><span>Pour annuler votre abonnement, veuillez contacter notre service client, par e-mail \u00e0 contact@test4u1.com, ou via notre formulaire de contact en suivant ce lien : https:\/\/test4u1.com\/contact-fr\/<\/span><\/div>\n<div style=\"text-align: left;\"><span>INFINIWAVE LIMITED ne revend pas les informations de ses clients <\/span><span>; les donn\u00e9es personnelles ne sont utilis\u00e9es que dans le but de communiquer avec les clients et de leur fournir le niveau de service souhait\u00e9.<\/span><\/div>\n<div style=\"text-align: left;\"><span>INFINIWAVE LIMITED utilise des prestataires de paiement conformes aux normes de s\u00e9curit\u00e9 PCI DSS requises.<\/span><\/div>\n<\/div>\n<\/div>\n<\/div>\n<p>[\/et_pb_text][\/et_pb_column][\/et_pb_row][\/et_pb_section]<\/p>\n","protected":false},"excerpt":{"rendered":"<p>Conditions de paiement r\u00e9current Entr\u00e9e en vigueur : 30 mars 2023 INFINIWAVE LIMITED 77, LOWER CAMDEN STREET, DUBLIN D02 XE80 Irlande Num\u00e9ro d\u2019enregistrement 737750 et TVA 4162209VH La souscription aux services d\u2019INFINIWAVE LIMITED donne acc\u00e8s aux avantages suivants : \u2013 Tests illimit\u00e9s \u2013 Stockage de tous les r\u00e9sultats de tests \u2013 Comparaisons entre les tests [&hellip;]<\/p>\n","protected":false},"author":1,"featured_media":0,"parent":0,"menu_order":0,"comment_status":"closed","ping_status":"closed","template":"","meta":{"_et_pb_use_builder":"on","_et_pb_old_content":"<!-- wp:divi\/placeholder \/-->","_et_gb_content_width":"","footnotes":""},"class_list":["post-2837","page","type-page","status-publish","hentry"],"_links":{"self":[{"href":"https:\/\/test4u1.com\/us\/wp-json\/wp\/v2\/pages\/2837","targetHints":{"allow":["GET"]}}],"collection":[{"href":"https:\/\/test4u1.com\/us\/wp-json\/wp\/v2\/pages"}],"about":[{"href":"https:\/\/test4u1.com\/us\/wp-json\/wp\/v2\/types\/page"}],"author":[{"embeddable":true,"href":"https:\/\/test4u1.com\/us\/wp-json\/wp\/v2\/users\/1"}],"replies":[{"embeddable":true,"href":"https:\/\/test4u1.com\/us\/wp-json\/wp\/v2\/comments?post=2837"}],"version-history":[{"count":5,"href":"https:\/\/test4u1.com\/us\/wp-json\/wp\/v2\/pages\/2837\/revisions"}],"predecessor-version":[{"id":2918,"href":"https:\/\/test4u1.com\/us\/wp-json\/wp\/v2\/pages\/2837\/revisions\/2918"}],"wp:attachment":[{"href":"https:\/\/test4u1.com\/us\/wp-json\/wp\/v2\/media?parent=2837"}],"curies":[{"name":"wp","href":"https:\/\/api.w.org\/{rel}","templated":true}]}}