{"id":285,"date":"2022-06-23T14:12:21","date_gmt":"2022-06-23T12:12:21","guid":{"rendered":"https:\/\/personality.cc\/?page_id=285"},"modified":"2023-10-18T12:48:51","modified_gmt":"2023-10-18T10:48:51","slug":"mention-legales","status":"publish","type":"page","link":"https:\/\/test4u1.com\/us\/mention-legales\/","title":{"rendered":"Terms of use"},"content":{"rendered":"<p>[et_pb_section fb_built=&#8221;1&#8243; custom_padding_last_edited=&#8221;on|tablet&#8221; next_background_color=&#8221;#ffffff&#8221; admin_label=&#8221;Hero&#8221; _builder_version=&#8221;4.21.2&#8243; _module_preset=&#8221;default&#8221; background_color=&#8221;#FFFFFF&#8221; background_enable_image=&#8221;off&#8221; parallax=&#8221;on&#8221; custom_margin=&#8221;||||false&#8221; custom_padding=&#8221;4vw||4vw||false|false&#8221; custom_padding_tablet=&#8221;||50px|&#8221; custom_padding_phone=&#8221;&#8221; bottom_divider_style=&#8221;curve&#8221; bottom_divider_height=&#8221;2.5vw&#8221; global_colors_info=&#8221;{}&#8221; theme_builder_area=&#8221;post_content&#8221;][et_pb_row _builder_version=&#8221;4.16&#8243; _module_preset=&#8221;default&#8221; animation_style=&#8221;fade&#8221; global_colors_info=&#8221;{}&#8221; theme_builder_area=&#8221;post_content&#8221;][et_pb_column type=&#8221;4_4&#8243; _builder_version=&#8221;4.16&#8243; _module_preset=&#8221;default&#8221; custom_padding=&#8221;|||&#8221; global_colors_info=&#8221;{}&#8221; custom_padding__hover=&#8221;|||&#8221; theme_builder_area=&#8221;post_content&#8221;][et_pb_text _builder_version=&#8221;4.21.2&#8243; _module_preset=&#8221;default&#8221; text_font=&#8221;|700|||||||&#8221; text_font_size=&#8221;18px&#8221; text_line_height=&#8221;2em&#8221; header_font=&#8221;Montserrat|600|||||||&#8221; header_font_size=&#8221;50px&#8221; header_line_height=&#8221;1.4em&#8221; text_orientation=&#8221;center&#8221; max_width=&#8221;100%&#8221; module_alignment=&#8221;center&#8221; hover_enabled=&#8221;0&#8243; header_font_size_tablet=&#8221;40px&#8221; header_font_size_phone=&#8221;32px&#8221; header_font_size_last_edited=&#8221;on|desktop&#8221; global_colors_info=&#8221;{}&#8221; theme_builder_area=&#8221;post_content&#8221; sticky_enabled=&#8221;0&#8243;]<\/p>\n<div class=\"et_pb_column et_pb_column_4_4 et_pb_column_30  et_pb_css_mix_blend_mode_passthrough et-last-child\">\n<div class=\"et_pb_module et_pb_text et_pb_text_38  et_pb_text_align_left et_pb_bg_layout_light\">\n<div class=\"et_pb_text_inner\">\n<h1 style=\"text-align: center;\">Mentions l\u00e9gales<\/h1>\n<\/div>\n<\/div>\n<\/div>\n<p>[\/et_pb_text][\/et_pb_column][\/et_pb_row][\/et_pb_section][et_pb_section fb_built=&#8221;1&#8243; admin_label=&#8221;Politique&#8221; _builder_version=&#8221;4.21.2&#8243; _module_preset=&#8221;default&#8221; background_enable_color=&#8221;off&#8221; custom_padding=&#8221;54px|0px|54px|0px|false|false&#8221; global_colors_info=&#8221;{}&#8221; theme_builder_area=&#8221;post_content&#8221;][et_pb_row _builder_version=&#8221;4.21.2&#8243; _module_preset=&#8221;default&#8221; global_colors_info=&#8221;{}&#8221; theme_builder_area=&#8221;post_content&#8221;][et_pb_column type=&#8221;4_4&#8243; _builder_version=&#8221;4.21.2&#8243; _module_preset=&#8221;default&#8221; global_colors_info=&#8221;{}&#8221; theme_builder_area=&#8221;post_content&#8221;][et_pb_text _builder_version=&#8221;4.21.2&#8243; _module_preset=&#8221;default&#8221; hover_enabled=&#8221;0&#8243; global_colors_info=&#8221;{}&#8221; theme_builder_area=&#8221;post_content&#8221; sticky_enabled=&#8221;0&#8243;]<\/p>\n<div class=\"et_pb_row et_pb_row_1\">\n<div class=\"et_pb_column et_pb_column_4_4 et_pb_column_2  et_pb_css_mix_blend_mode_passthrough et-last-child\">\n<div class=\"et_pb_module et_pb_text et_pb_text_1  et_pb_text_align_center et_pb_bg_layout_light\">\n<div class=\"et_pb_text_inner\">\n<div style=\"text-align: left;\"><\/div>\n<div style=\"text-align: left;\"><strong>Entr\u00e9e en vigueur : le 30 mars 2023<\/strong><\/div>\n<div style=\"text-align: left;\"><strong><\/strong><\/div>\n<div style=\"text-align: left;\"><strong>INFINIWAVE LIMITED<\/strong><\/div>\n<div style=\"text-align: left;\"><strong>77, LOWER CAMDEN STREET,<\/strong><\/div>\n<div style=\"text-align: left;\"><strong>DUBLIN D02 XE80<\/strong><\/div>\n<div style=\"text-align: left;\"><strong>Irlande<\/strong><\/div>\n<div style=\"text-align: left;\"><strong>Num\u00e9ro d\u2019enregistrement 737750 et TVA. 4162209VH<\/strong><\/div>\n<div style=\"text-align: left;\"><span><\/span><\/div>\n<div style=\"text-align: left;\"><span><\/span><\/div>\n<div style=\"text-align: left;\"><span>La poursuite de la navigation sur notre site [https:\/\/test4u1.com\/](https:\/\/test4u1.com\/) (ci-apr\u00e8s le \u00ab Site \u00bb) implique que les visiteurs du Site (ci-apr\u00e8s les \u00ab Utilisateurs \u00bb) acceptent sans r\u00e9serve les dispositions et les Conditions d\u2019Utilisation qui suivent (ci-apr\u00e8s les \u00ab CGU \u00bb). Avant toute utilisation des fonctionnalit\u00e9s de notre Site, l\u2019Utilisateur reconna\u00eet avoir lu ces Conditions G\u00e9n\u00e9rales et les avoir accept\u00e9es.<\/span><\/div>\n<div style=\"text-align: left;\"><span>La version en ligne actuelle de nos CGU est la seule opposable pour la dur\u00e9e de l\u2019utilisation du Site et jusqu\u2019\u00e0 ce que nous la remplacions par une nouvelle version.<\/span><\/div>\n<div style=\"text-align: left;\"><span>Le Site est g\u00e9r\u00e9 par Infiniwave Limited (ci-apr\u00e8s le \u00ab Vendeur \u00bb), qui se r\u00e9serve le droit de modifier ces conditions \u00e0 tout moment. Toute utilisation de notre Site apr\u00e8s la modification des CGU implique l\u2019acceptation irr\u00e9vocable par l\u2019Utilisateur de la nouvelle version. En cas de d\u00e9saccord avec nos CGU, l\u2019Utilisateur est invit\u00e9 \u00e0 ne plus utiliser notre Site.<\/span><\/div>\n<div style=\"text-align: left;\"><span>**Article 1 \u2013 D\u00e9finitions**<\/span><\/div>\n<div style=\"text-align: left;\"><span>Sur notre Site, les termes ci-dessous ont la signification suivante :<\/span><\/div>\n<div style=\"text-align: left;\"><span>\u2013 \u00ab Contenu \u00bb : se r\u00e9f\u00e8re \u00e0 tous les \u00e9l\u00e9ments constituant l\u2019information pr\u00e9sente sur notre Site (textes, images, vid\u00e9os, algorithmes, logiciels, widgets, etc.) et permettant son fonctionnement, l\u2019information de l\u2019Utilisateur et la pr\u00e9sentation de nos services <\/span><span>;<\/span><\/div>\n<div style=\"text-align: left;\"><span>\u2013 \u00ab Droits de propri\u00e9t\u00e9 intellectuelle \u00bb : se r\u00e9f\u00e8re \u00e0 tous les droits de propri\u00e9t\u00e9 intellectuelle et les droits connexes (droits d\u2019auteur, droits de marque, droits de brevet, d\u00e9nominations commerciales, bases de donn\u00e9es, etc.) tels que prot\u00e9g\u00e9s par la Loi sur le droit d\u2019auteur et les droits connexes de 2000 qui est applicable au moment de la consultation du Site par l\u2019Utilisateur <\/span><span>;<\/span><\/div>\n<div style=\"text-align: left;\"><span>\u2013 \u00ab Fonctionnalit\u00e9s \u00bb : se r\u00e9f\u00e8re \u00e0 toutes les fonctionnalit\u00e9s mises \u00e0 disposition de nos Utilisateurs via notre Site <\/span><span>;<\/span><\/div>\n<div style=\"text-align: left;\"><span>\u2013 \u00ab Site \u00bb : d\u00e9signe le Site [https:\/\/test4u1.com\/](https:\/\/test4u1.com\/) exploit\u00e9 par le Vendeur et mis \u00e0 disposition des Utilisateurs <\/span><span>;<\/span><\/div>\n<div style=\"text-align: left;\"><span>\u2013 \u00ab Utilisateur \u00bb : se r\u00e9f\u00e8re \u00e0 toute personne utilisant notre Site et ayant acc\u00e8s \u00e0 son contenu.<\/span><\/div>\n<div style=\"text-align: left;\"><span>**ARTICLE 2 \u2013 Mentions l\u00e9gales**<\/span><\/div>\n<div style=\"text-align: left;\"><span>Conform\u00e9ment au R\u00e8glement (UE) 2018\/679 du Parlement europ\u00e9en et du Conseil du 27 avril 2016 relatif \u00e0 la protection des personnes physiques \u00e0 l\u2019\u00e9gard du traitement des donn\u00e9es \u00e0 caract\u00e8re personnel et \u00e0 la libre circulation de ces donn\u00e9es, il est indiqu\u00e9 \u00e0 l\u2019Utilisateur de notre Site l\u2019identit\u00e9 des intervenants dans le cadre de sa r\u00e9alisation et de son suivi :<\/span><\/div>\n<div style=\"text-align: left;\"><span>\u2013 Responsable \u00e9ditorial : Carlo Ela [contact@test4u1.com](mailto:contact@test4u1.com).<\/span><\/div>\n<div style=\"text-align: left;\"><span>\u2013 H\u00e9bergeur : Scaleway, 8 rue de la Ville l\u2019Ev\u00eaque, 75008 Paris <\/span><span>; [https:\/\/www.scaleway.com\/](https:\/\/www.scaleway.com\/)<\/span><\/div>\n<div style=\"text-align: left;\"><span>\u2013 D\u00e9veloppeur : INFINIWAVE LIMITED<\/span><\/div>\n<div style=\"text-align: left;\"><span>\u2013 D\u00e9l\u00e9gu\u00e9 \u00e0 la protection des donn\u00e9es : Carlo Ela [contact@test4u1.com](mailto:contact@test4u1.com).<\/span><\/div>\n<div style=\"text-align: left;\"><span>**ARTICLE 3 \u2013 Protection des donn\u00e9es personnelles**<\/span><\/div>\n<div style=\"text-align: left;\"><span>Pour l\u2019utilisation de notre Site, nous proc\u00e9derons au traitement de certaines donn\u00e9es personnelles concernant l\u2019Utilisateur. Ce traitement est effectu\u00e9 conform\u00e9ment \u00e0 la Loi sur la protection des donn\u00e9es de 2018 et \u00e0 la Politique de protection des donn\u00e9es disponible \u00e0 l\u2019adresse suivante :<\/span><\/div>\n<div style=\"text-align: left;\"><span>**ARTICLE 4 \u2013 Acc\u00e8s au Site**<\/span><\/div>\n<div style=\"text-align: left;\"><span>L\u2019acc\u00e8s au Site et son utilisation sont r\u00e9serv\u00e9s \u00e0 un usage strictement personnel. L\u2019Utilisateur s\u2019engage \u00e0 ne pas utiliser le Site et les informations ou donn\u00e9es qu\u2019il contient \u00e0 des fins commerciales, politiques, publicitaires et pour toute forme de sollicitation commerciale, en particulier l\u2019envoi de courriers \u00e9lectroniques non sollicit\u00e9s.<\/span><\/div>\n<div style=\"text-align: left;\"><span>L\u2019acc\u00e8s au Site est r\u00e9serv\u00e9 aux adultes. Le Vendeur se r\u00e9serve le droit de demander toute preuve de votre \u00e2ge, en particulier si vous utilisez des services de commande en ligne. Le Vendeur ne peut \u00eatre tenu responsable en cas d\u2019acc\u00e8s au Site par des mineurs, ni en cas d\u2019informations erron\u00e9es ou trompeuses fournies par les Utilisateurs sur le Site.<\/span><\/div>\n<div style=\"text-align: left;\"><span>Les Utilisateurs sont personnellement responsables de la mise en place des ressources informatiques et de t\u00e9l\u00e9communications permettant l\u2019acc\u00e8s au Site. Ils supportent les co\u00fbts de t\u00e9l\u00e9communications lors de l\u2019acc\u00e8s \u00e0 Internet via le Site.<\/span><\/div>\n<div style=\"text-align: left;\"><span>**ARTICLE 5 \u2013 Description des services fournis**<\/span><\/div>\n<div style=\"text-align: left;\"><span>Nous nous effor\u00e7ons de fournir des informations aussi pr\u00e9cises que possible, mais nous ne sommes pas responsables des omissions, des inexactitudes ou des lacunes dans la mise \u00e0 jour des informations. Toutes les informations fournies sur le Site sont donn\u00e9es \u00e0 titre informatif seulement et ne sont pas exhaustives, elles sont fournies sous r\u00e9serve des modifications ayant \u00e9t\u00e9 apport\u00e9es depuis leur mise en ligne.<\/span><\/div>\n<div style=\"text-align: left;\"><span>**ARTICLE 6 \u2013 Propri\u00e9t\u00e9 intellectuelle**<\/span><\/div>\n<div style=\"text-align: left;\"><span>**6.1 Notre Site**<\/span><\/div>\n<div style=\"text-align: left;\"><span>Toutes les marques, photographies, textes, commentaires, illustrations, images anim\u00e9es ou fixes, s\u00e9quences vid\u00e9o, sons, ainsi que toutes les applications informatiques qui pourraient \u00eatre utilis\u00e9es pour faire fonctionner le Site et, plus g\u00e9n\u00e9ralement, tous les \u00e9l\u00e9ments reproduits ou utilis\u00e9s sur le Site et prot\u00e9g\u00e9s par les lois en vigueur en mati\u00e8re de propri\u00e9t\u00e9 intellectuelle.<\/span><\/div>\n<div style=\"text-align: left;\"><span>Ils sont la propri\u00e9t\u00e9 int\u00e9grale du Vendeur ou de ses partenaires commerciaux. Toute reproduction, repr\u00e9sentation, utilisation ou adaptation, sous quelque forme que ce soit, de tout ou partie de ces \u00e9l\u00e9ments, y compris les applications informatiques, sans l\u2019accord \u00e9crit pr\u00e9alable de l\u2019\u00e9diteur, est strictement interdite. Le fait que l\u2019\u00e9diteur ne engage pas de proc\u00e9\u00e9dures d\u00e8s qu\u2019il a connaissance de ces Utilisateurs non autoris\u00e9s ne constitue pas une acceptation de ces utilisations et une renonciation \u00e0 la poursuite.<\/span><\/div>\n<div style=\"text-align: left;\"><span>Il est strictement interdit \u00e0 l\u2019Utilisateur de :<\/span><\/div>\n<div style=\"text-align: left;\"><span>\u2013 Copier, reproduire, repr\u00e9senter, diffuser, distribuer, publier de mani\u00e8re permanente ou temporaire<\/span><\/div>\n<div style=\"text-align: left;\"><span>tout ou partie du contenu et\/ou du Site par quelque moyen que ce soit <\/span><span>;<\/span><\/div>\n<div style=\"text-align: left;\"><span>\u2013 Cr\u00e9er des \u0153uvres d\u00e9riv\u00e9es du Contenu et\/ou du Site <\/span><span>;<\/span><\/div>\n<div style=\"text-align: left;\"><span>\u2013 Modifier, traduire, adapter, arranger tout ou partie du Contenu et\/ou du Site <\/span><span>;<\/span><\/div>\n<div style=\"text-align: left;\"><span>\u2013 D\u00e9sosser, d\u00e9compiler, r\u00e9tro-ing\u00e9nierie du Site.<\/span><\/div>\n<div style=\"text-align: left;\"><span>En tout \u00e9tat de cause, l\u2019Utilisateur est seul responsable de l\u2019utilisation qu\u2019il fait sur le Site. Toute utilisation non autoris\u00e9e du Site ou de l\u2019un de ses \u00e9l\u00e9ments sera consid\u00e9r\u00e9e comme une violation de la Loi sur la protection des donn\u00e9es de 2000.<\/span><\/div>\n<div style=\"text-align: left;\"><span>**6.2 Notre marque**<\/span><\/div>\n<div style=\"text-align: left;\"><span>Les marques verbales et visuelles (logo) du Vendeur ainsi que d\u2019Infiniwave Limited sont prot\u00e9g\u00e9es. Leur utilisation sans l\u2019autorisation \u00e9crite du Vendeur ou de ses partenaires, \u00e0 des fins de promotion de produits ou de services, ou \u00e0 des fins commerciales, est interdite sous peine de poursuites p\u00e9nales et civiles engag\u00e9es par le Vendeur contre l\u2019Utilisateur et\/ou des tiers responsables.<\/span><\/div>\n<div style=\"text-align: left;\"><span>**6.3 Contenus**<\/span><\/div>\n<div style=\"text-align: left;\"><span>Le Contenu est librement accessible sur le Site. La publication de ce Contenu n\u2019entra\u00eene aucune cession de droits d\u2019auteur et de propri\u00e9t\u00e9 du Contenu, qui reste la propri\u00e9t\u00e9 intellectuelle int\u00e9grale du Vendeur et des contributeurs.<\/span><\/div>\n<div style=\"text-align: left;\"><span>Aucun Utilisateur ne peut ou ne doit prendre de mesures incompatibles avec le respect du droit d\u2019auteur et de la propri\u00e9t\u00e9 intellectuelle ou contraires \u00e0 toute autre loi irlandaise et internationale relative aux droits de propri\u00e9t\u00e9 intellectuelle. Le Vendeur et ses contributeurs se r\u00e9servent le droit de poursuivre en justice tout Utilisateur pour toute violation de ces CGU.<\/span><\/div>\n<div style=\"text-align: left;\"><span>**ARTICLE 7 \u2013 Gestion du Site**<\/span><\/div>\n<div style=\"text-align: left;\"><span>Notre Site est normalement accessible aux Utilisateurs \u00e0 tout moment. Pour la bonne gestion du Site, le Vendeur peut \u00e0 tout moment se r\u00e9server le droit de :<\/span><\/div>\n<div style=\"text-align: left;\"><span>\u2013 Suspendre, interrompre ou limiter l\u2019acc\u00e8s \u00e0 tout ou partie du Site, pour quelque raison que ce soit, avec ou sans pr\u00e9avis et \u00e0 sa seule discr\u00e9tion <\/span><span>;<\/span><\/div>\n<div style=\"text-align: left;\"><span>\u2013 Supprimer toute information susceptible d\u2019entraver son fonctionnement, pour quelque raison que ce soit, avec ou sans pr\u00e9avis et \u00e0 sa seule discr\u00e9tion <\/span><span>;<\/span><\/div>\n<div style=\"text-align: left;\"><span>\u2013 Suspendre le Site pour effectuer des mises \u00e0 jour.<\/span><\/div>\n<div style=\"text-align: left;\"><span>Le Vendeur fera de son mieux pour communiquer avec les Utilisateurs avant les dates et les heures de l\u2019intervention, mais sa responsabilit\u00e9 ne saurait \u00eatre engag\u00e9e en cas de non-communication pr\u00e9alable.<\/span><\/div>\n<div style=\"text-align: left;\"><span>**ARTICLE 8 \u2013 Responsabilit\u00e9s**<\/span><\/div>\n<div style=\"text-align: left;\"><span>**8.1 Acc\u00e8s au Site**<\/span><\/div>\n<div style=\"text-align: left;\"><span>Le Vendeur s\u2019engage \u00e0 faire tout son possible pour garantir que le Site est accessible 24 heures par jour, 7 jours par semaine. Cependant, le Vendeur ne s\u2019engage pas sur la disponibilit\u00e9 permanente et l\u2019accessibilit\u00e9 du Site, et ne garantit pas que le Site soit exempt d\u2019erreurs. La responsabilit\u00e9 du Vendeur ne peut \u00eatre engag\u00e9e en cas de panne, d\u2019interruption, de difficult\u00e9 ou d\u2019interruption de fonctionnement emp\u00eachant l\u2019acc\u00e8s au Site ou \u00e0 l\u2019une de ses fonctionnalit\u00e9s.<\/span><\/div>\n<div style=\"text-align: left;\"><span>Le Vendeur et l\u2019h\u00e9bergeur ne peuvent \u00eatre tenus responsables en cas de dysfonctionnement du r\u00e9seau Internet, des lignes t\u00e9l\u00e9phoniques ou de l\u2019\u00e9quipement informatique et de t\u00e9l\u00e9phonie li\u00e9 en particulier \u00e0 la congestion du r\u00e9seau emp\u00eachant l\u2019acc\u00e8s au serveur.<\/span><\/div>\n<div style=\"text-align: left;\"><span>Le Vendeur ne peut \u00eatre tenu responsable en cas de poursuites judiciaires contre les Utilisateurs :<\/span><\/div>\n<div style=\"text-align: left;\"><span>\u2013 En raison de l\u2019utilisation du Site ou de tout autre service accessible via Internet <\/span><span>;<\/span><\/div>\n<div style=\"text-align: left;\"><span>\u2013 En raison de la non-conformit\u00e9 de l\u2019Utilisateur \u00e0 ces CGU.<\/span><\/div>\n<div style=\"text-align: left;\"><span>**8.2 \u00c9quipement utilis\u00e9**<\/span><\/div>\n<div style=\"text-align: left;\"><span>L\u2019\u00e9quipement de connexion au Site utilis\u00e9 par l\u2019Utilisateur est de sa seule responsabilit\u00e9. Il doit prendre toutes les mesures appropri\u00e9es pour prot\u00e9ger son \u00e9quipement et ses propres donn\u00e9es. L\u2019Utilisateur s\u2019engage \u00e0 acc\u00e9der au Site \u00e0 l\u2019aide d\u2019un \u00e9quipement r\u00e9cent, exempt de virus et dot\u00e9 d\u2019un navigateur r\u00e9cemment mis \u00e0 jour.<\/span><\/div>\n<div style=\"text-align: left;\"><span>Le Vendeur ne peut \u00eatre tenu responsable des dommages caus\u00e9s aux Utilisateurs, aux tiers et\/ou \u00e0 leur \u00e9quipement en raison de leur connexion ou de leur utilisation du Site, et les Utilisateurs renoncent \u00e0 toute action en justice \u00e0 cet \u00e9gard contre le Vendeur.<\/span><\/div>\n<div style=\"text-align: left;\"><span>Le Vendeur ne peut pas non plus \u00eatre tenu responsable des dommages indirects (tels que la perte de march\u00e9 ou la perte d\u2019opportunit\u00e9) r\u00e9sultant de l\u2019utilisation du Site.<\/span><\/div>\n<div style=\"text-align: left;\"><span>**ARTICLE 9 \u2013 Photographies et repr\u00e9sentation des produits et services**<\/span><\/div>\n<div style=\"text-align: left;\"><span>Les photographies sur le Site, accompagnant leur description, ne sont pas contractuelles et n\u2019engagent pas le Vendeur.<\/span><\/div>\n<div style=\"text-align: left;\"><span>**ARTICLE 10 \u2013 Liens hypertextes**<\/span><\/div>\n<div style=\"text-align: left;\"><span>L\u2019\u00e9tablissement par l\u2019Utilisateur d\u2019un lien hypertexte vers tout ou partie du site est autoris\u00e9, sous r\u00e9serve de l\u2019autorisation pr\u00e9alable \u00e9crite d\u2019Infiniwave Limited, demand\u00e9e par e-mail \u00e0 l\u2019adresse suivante : [contact@test4u1.com](mailto:contact@test4u1.com).<\/span><\/div>\n<div style=\"text-align: left;\"><span>Le Vendeur est libre de refuser cette autorisation sans avoir \u00e0 justifier sa d\u00e9cision de quelque mani\u00e8re que ce soit. Dans le cas o\u00f9 le Vendeur accorde son autorisation, celle-ci est en tout cas temporaire et peut \u00eatre retir\u00e9e \u00e0 tout moment, sans obligation de justification. Dans tous les cas, tout lien doit \u00eatre supprim\u00e9 \u00e0 la demande du Vendeur.<\/span><\/div>\n<div style=\"text-align: left;\"><span>Le Site contient un certain nombre de liens hypertextes vers d\u2019autres sites, mis en place avec l\u2019autorisation du Vendeur. Cependant, notre entreprise n\u2019a pas la possibilit\u00e9 de v\u00e9rifier le contenu des sites ainsi visit\u00e9s et n\u2019assume donc aucune responsabilit\u00e9 \u00e0 cet \u00e9gard.<\/span><\/div>\n<div style=\"text-align: left;\"><span>**ARTICLE 11 \u2013 Non-validit\u00e9 partielle**<\/span><\/div>\n<div style=\"text-align: left;\"><span>La non-application temporaire d\u2019une ou de plusieurs clauses des pr\u00e9sentes conditions g\u00e9n\u00e9rales ne peut en aucun cas \u00eatre interpr\u00e9t\u00e9e comme une renonciation de la part d\u2019Infiniwave Limited \u00e0 se pr\u00e9valoir de l\u2019une quelconque desdites clauses.<\/span><\/div>\n<div style=\"text-align: left;\"><span>Si une ou plusieurs des dispositions des pr\u00e9sentes \u00e9taient d\u00e9clar\u00e9es nulles ou inapplicables en vertu de la loi, d\u2019un r\u00e8glement ou d\u2019une d\u00e9cision de justice devenue d\u00e9finitive, les autres dispositions conserveraient toute leur force et leur port\u00e9e et continueraient \u00e0 s\u2019appliquer int\u00e9gralement.<\/span><\/div>\n<div style=\"text-align: left;\"><span>**ARTICLE 12 \u2013 Langue**<\/span><\/div>\n<div style=\"text-align: left;\"><span>En cas de traduction des pr\u00e9sentes CGU en une ou plusieurs langues<\/span><\/div>\n<div style=\"text-align: left;\"><span>, la langue d\u2019interpr\u00e9tation sera la langue anglaise.<\/span><\/div>\n<div style=\"text-align: left;\"><span>**ARTICLE 13 \u2013 Droit applicable**<\/span><\/div>\n<div style=\"text-align: left;\"><span>Les pr\u00e9sentes CGU du Site sont r\u00e9gies par le droit irlandais et sont \u2013 en cas de litige \u2013 soumises \u00e0 la comp\u00e9tence exclusive des tribunaux de droit commun, sous r\u00e9serve d\u2019une attribution sp\u00e9cifique de juridiction d\u00e9coulant d\u2019un texte de loi ou d\u2019une r\u00e9glementation particuli\u00e8re.<\/span><\/div>\n<div style=\"text-align: left;\"><span>**ARTICLE 14 \u2013 Contactez-nous**<\/span><\/div>\n<div style=\"text-align: left;\"><span>Pour toute question, information sur les Services pr\u00e9sent\u00e9s sur le Site ou concernant le Site lui-m\u00eame, l\u2019Utilisateur peut laisser un message \u00e0 l\u2019adresse suivante : [contact@test4u1.com](mailto:contact@test4u1.com).<\/span><\/div>\n<\/div>\n<\/div>\n<\/div>\n<\/div>\n<p>[\/et_pb_text][\/et_pb_column][\/et_pb_row][\/et_pb_section]<\/p>\n","protected":false},"excerpt":{"rendered":"<p>Mentions l\u00e9gales Entr\u00e9e en vigueur : le 30 mars 2023 INFINIWAVE LIMITED 77, LOWER CAMDEN STREET, DUBLIN D02 XE80 Irlande Num\u00e9ro d\u2019enregistrement 737750 et TVA. 4162209VH La poursuite de la navigation sur notre site [https:\/\/test4u1.com\/](https:\/\/test4u1.com\/) (ci-apr\u00e8s le \u00ab Site \u00bb) implique que les visiteurs du Site (ci-apr\u00e8s les \u00ab Utilisateurs \u00bb) acceptent sans r\u00e9serve les [&hellip;]<\/p>\n","protected":false},"author":1,"featured_media":0,"parent":0,"menu_order":0,"comment_status":"closed","ping_status":"closed","template":"","meta":{"_et_pb_use_builder":"on","_et_pb_old_content":"","_et_gb_content_width":"","footnotes":""},"class_list":["post-285","page","type-page","status-publish","hentry"],"_links":{"self":[{"href":"https:\/\/test4u1.com\/us\/wp-json\/wp\/v2\/pages\/285","targetHints":{"allow":["GET"]}}],"collection":[{"href":"https:\/\/test4u1.com\/us\/wp-json\/wp\/v2\/pages"}],"about":[{"href":"https:\/\/test4u1.com\/us\/wp-json\/wp\/v2\/types\/page"}],"author":[{"embeddable":true,"href":"https:\/\/test4u1.com\/us\/wp-json\/wp\/v2\/users\/1"}],"replies":[{"embeddable":true,"href":"https:\/\/test4u1.com\/us\/wp-json\/wp\/v2\/comments?post=285"}],"version-history":[{"count":25,"href":"https:\/\/test4u1.com\/us\/wp-json\/wp\/v2\/pages\/285\/revisions"}],"predecessor-version":[{"id":2835,"href":"https:\/\/test4u1.com\/us\/wp-json\/wp\/v2\/pages\/285\/revisions\/2835"}],"wp:attachment":[{"href":"https:\/\/test4u1.com\/us\/wp-json\/wp\/v2\/media?parent=285"}],"curies":[{"name":"wp","href":"https:\/\/api.w.org\/{rel}","templated":true}]}}